{"id":4607,"date":"2016-09-06T14:54:53","date_gmt":"2016-09-06T14:54:53","guid":{"rendered":"http:\/\/chaos-larp.de\/?page_id=4607"},"modified":"2016-09-07T14:41:39","modified_gmt":"2016-09-07T14:41:39","slug":"cthulhu-1920er-regelwerk","status":"publish","type":"page","link":"http:\/\/chaos-larp.de\/?page_id=4607","title":{"rendered":"Cthulhu 1920er Regelwerk"},"content":{"rendered":"<p><a href=\"http:\/\/chaos-larp.de\/wp-content\/uploads\/2016\/09\/Cthulhu_Regelwerk_1920er.pdf\"><strong>Hier<\/strong><\/a> k\u00f6nnt ihr unser Regelwerk f\u00fcr Cthulhu 1920 runterladen. Beachtet bitte, dass es ein eigenst\u00e4ndiges Regelwerk ist und sich ausschlie\u00dflich auf das Horrorliverollenspiel Cthulhu bezieht. (pdf, 861 kb)<\/p>\n","protected":false},"excerpt":{"rendered":"<p>Hier k\u00f6nnt ihr unser Regelwerk f\u00fcr Cthulhu 1920 runterladen. Beachtet bitte, dass es ein eigenst\u00e4ndiges Regelwerk ist und sich ausschlie\u00dflich auf das Horrorliverollenspiel Cthulhu bezieht. (pdf, 861 kb)<\/p>\n","protected":false},"author":1,"featured_media":0,"parent":0,"menu_order":0,"comment_status":"closed","ping_status":"closed","template":"","meta":{"ngg_post_thumbnail":0,"footnotes":""},"class_list":["post-4607","page","type-page","status-publish","hentry"],"_links":{"self":[{"href":"http:\/\/chaos-larp.de\/index.php?rest_route=\/wp\/v2\/pages\/4607","targetHints":{"allow":["GET"]}}],"collection":[{"href":"http:\/\/chaos-larp.de\/index.php?rest_route=\/wp\/v2\/pages"}],"about":[{"href":"http:\/\/chaos-larp.de\/index.php?rest_route=\/wp\/v2\/types\/page"}],"author":[{"embeddable":true,"href":"http:\/\/chaos-larp.de\/index.php?rest_route=\/wp\/v2\/users\/1"}],"replies":[{"embeddable":true,"href":"http:\/\/chaos-larp.de\/index.php?rest_route=%2Fwp%2Fv2%2Fcomments&post=4607"}],"version-history":[{"count":3,"href":"http:\/\/chaos-larp.de\/index.php?rest_route=\/wp\/v2\/pages\/4607\/revisions"}],"predecessor-version":[{"id":4618,"href":"http:\/\/chaos-larp.de\/index.php?rest_route=\/wp\/v2\/pages\/4607\/revisions\/4618"}],"wp:attachment":[{"href":"http:\/\/chaos-larp.de\/index.php?rest_route=%2Fwp%2Fv2%2Fmedia&parent=4607"}],"curies":[{"name":"wp","href":"https:\/\/api.w.org\/{rel}","templated":true}]}}