{"id":117,"date":"2016-07-10T20:04:00","date_gmt":"2016-07-10T20:04:00","guid":{"rendered":"http:\/\/chaos-larp.de\/?page_id=117"},"modified":"2025-02-27T07:56:33","modified_gmt":"2025-02-27T07:56:33","slug":"impressum","status":"publish","type":"page","link":"http:\/\/chaos-larp.de\/?page_id=117","title":{"rendered":"Impressum"},"content":{"rendered":"<p>Chaos-Larp e.V., Verein f\u00fcr Live-Rollenspiel und erlebte Geschichte<br \/>\nVereinssitz in Koblenz \/ Rhein<br \/>\nEingetragener Verein beim Amtgericht Koblenz, Register-Nr. 5aVR 4626<\/p>\n<p>Verantwortlich f\u00fcr diese Internetpr\u00e4senz ist gem\u00e4\u00df des Mediendienststaatsvertrages:<\/p>\n<p><a href=\"http:\/\/chaos-larp.de\/?page_id=93\">Der Vorstand des Vereins<\/a><\/p>\n<p>Kontakt: <a href=\"mailto:Vorsitz@Chaos-LARP.de\">Vorsitz@Chaos-LARP.de<\/a><\/p>\n<p>Viele Texte und Hintergr\u00fcnde auf dieser Seite basieren auf dem Hintergrund des Larp-Landes Lupien.<br \/>\nDie Rechte an den entsprechenden Texten und Grafiken liegen bei den im dortigen Impressum genannten Personen.<br \/>\nAlle nicht eigens f\u00fcr diese Seite erstellten Grafiken basieren auf Grafiken, die nach Wissen des Verfasser frei zug\u00e4nglich und nutzbar waren bzw. sind.<br \/>\nSollte Jemand eine Grafik finden, die einem Urheberrecht unterliegt bitten wir um kurzfristige Mitteilung und die entsprechende Grafik wird umgehen von uns entfernt.<\/p>\n<p>Die Links sind Empfehlungen von uns und zu dem Zeitpunkt, zu dem sie in die Linkliste eingetragen wurden, waren ihre Inhalte einwandfrei.<br \/>\nWir k\u00f6nnen nicht st\u00e4ndig jeden Link auf etwaige \u00c4nderungen untersuchen.<br \/>\nWir distanzieren uns von jedem gegen geltendes Recht verstossenden Inhalt der von uns verlinkten Seiten.<br \/>\nSollten solche Inhalte bekannt werden bitten wir um Mitteilung, damit wir den Link entfernen k\u00f6nnen.<\/p>\n<p>Inhaber dieser Domain ist der Verein ChaosLARP e.V.<br \/>\nKontakt: <a href=\"mailto: Webmaster@Chaos-LARP.de\">Webmaster@Chaos-LARP.de<\/a><\/p>\n","protected":false},"excerpt":{"rendered":"<p>Chaos-Larp e.V., Verein f\u00fcr Live-Rollenspiel und erlebte Geschichte Vereinssitz in Koblenz \/ Rhein Eingetragener Verein beim Amtgericht Koblenz, Register-Nr. 5aVR 4626 Verantwortlich f\u00fcr diese Internetpr\u00e4senz ist gem\u00e4\u00df des Mediendienststaatsvertrages: Der Vorstand des Vereins Kontakt: Vorsitz@Chaos-LARP.de Viele Texte und Hintergr\u00fcnde auf &hellip; <a href=\"http:\/\/chaos-larp.de\/?page_id=117\">Weiterlesen <span class=\"meta-nav\">&rarr;<\/span><\/a><\/p>\n","protected":false},"author":1,"featured_media":0,"parent":0,"menu_order":0,"comment_status":"closed","ping_status":"closed","template":"","meta":{"ngg_post_thumbnail":0,"footnotes":""},"class_list":["post-117","page","type-page","status-publish","hentry"],"_links":{"self":[{"href":"http:\/\/chaos-larp.de\/index.php?rest_route=\/wp\/v2\/pages\/117","targetHints":{"allow":["GET"]}}],"collection":[{"href":"http:\/\/chaos-larp.de\/index.php?rest_route=\/wp\/v2\/pages"}],"about":[{"href":"http:\/\/chaos-larp.de\/index.php?rest_route=\/wp\/v2\/types\/page"}],"author":[{"embeddable":true,"href":"http:\/\/chaos-larp.de\/index.php?rest_route=\/wp\/v2\/users\/1"}],"replies":[{"embeddable":true,"href":"http:\/\/chaos-larp.de\/index.php?rest_route=%2Fwp%2Fv2%2Fcomments&post=117"}],"version-history":[{"count":9,"href":"http:\/\/chaos-larp.de\/index.php?rest_route=\/wp\/v2\/pages\/117\/revisions"}],"predecessor-version":[{"id":6819,"href":"http:\/\/chaos-larp.de\/index.php?rest_route=\/wp\/v2\/pages\/117\/revisions\/6819"}],"wp:attachment":[{"href":"http:\/\/chaos-larp.de\/index.php?rest_route=%2Fwp%2Fv2%2Fmedia&parent=117"}],"curies":[{"name":"wp","href":"https:\/\/api.w.org\/{rel}","templated":true}]}}