{"id":105,"date":"2016-07-07T16:30:47","date_gmt":"2016-07-07T16:30:47","guid":{"rendered":"http:\/\/chaos-larp.de\/?page_id=105"},"modified":"2016-07-07T16:30:47","modified_gmt":"2016-07-07T16:30:47","slug":"muenzpakete-verkauf","status":"publish","type":"page","link":"http:\/\/chaos-larp.de\/?page_id=105","title":{"rendered":"M\u00fcnzpakete (Verkauf)"},"content":{"rendered":"<p>Seit Juli 2012 bieten wir gepr\u00e4gte IT-M\u00fcnzen (Spielgeld) zum Verkauf an. Diese M\u00fcnzen werden von uns in M\u00fcnzpaketen angeboten.<br \/>\nWir m\u00f6chten mit dem Verkauf von Paketen die Menge der Gold- und Silberm\u00fcnzen im Spiel in Grenzen halten und das Spiel mit Kupferm\u00fcnzen f\u00f6rdern.<\/p>\n<p>Wenn jemand interesse am Erwerb eines oder mehrerer M\u00fcnzpakete hat,<br \/>\nder kann sich per E-Mail bei unserem Vorstand melden.<br \/>\nWir werden dann versuchen, eine \u00dcbergabe auf einem Con zu organisieren.<\/p>\n<p>Die Pakete stellen sich wie folgt zusammen. Die Preise stehen hinter dem jeweiligen Paket.<\/p>\n<p><strong>M\u00fcnzpaket 1<\/strong><br \/>\n25 Kupfer<br \/>\nBetrag 10,00 \u20ac<\/p>\n<p><strong>M\u00fcnzpaket 2<\/strong><br \/>\n10 Kupfer \/ 2 Silber<br \/>\nBetrag 5,00 \u20ac<\/p>\n<p><strong>M\u00fcnzpaket 3<\/strong><br \/>\n28 Kupfer \/ 6 Silber \/ 2 Gold<br \/>\nBetrag 15,00 \u20ac<\/p>\n<p><strong>M\u00fcnzpaket 4<\/strong><br \/>\n38 Kupfer \/ 8 Silber \/ 4 Gold<br \/>\nBetrag 20,00 \u20ac<\/p>\n<p><strong>M\u00fcnzpaket 5<\/strong><br \/>\n15 Silber \/ 6 Gold<br \/>\nBetrag 10,00 \u20ac<\/p>\n<p><img loading=\"lazy\" decoding=\"async\" class=\"alignnone wp-image-81 size-medium\" src=\"http:\/\/chaos-larp.de\/wp-content\/uploads\/2016\/07\/muenzbeispiel-300x147.png\" width=\"300\" height=\"147\" \/><\/p>\n<p>M\u00fcnzbeispiel<\/p>\n<p><em>Zur Info:<\/em><\/p>\n<p>Gold- &amp; Kupferm\u00fcnzen sind f\u00fcr uns im Einkauf gleich, Silberm\u00fcnzen sind etwas teurer.<br \/>\nDaher ergeben sich die Zusammenstellungen der Pakete und deren Preise.<\/p>\n<p>Das Erscheinungsbild der gelieferten M\u00fcnzen kann vom M\u00fcnzbeispiel leicht abweichen.<\/p>\n","protected":false},"excerpt":{"rendered":"<p>Seit Juli 2012 bieten wir gepr\u00e4gte IT-M\u00fcnzen (Spielgeld) zum Verkauf an. Diese M\u00fcnzen werden von uns in M\u00fcnzpaketen angeboten. Wir m\u00f6chten mit dem Verkauf von Paketen die Menge der Gold- und Silberm\u00fcnzen im Spiel in Grenzen halten und das Spiel &hellip; <a href=\"http:\/\/chaos-larp.de\/?page_id=105\">Weiterlesen <span class=\"meta-nav\">&rarr;<\/span><\/a><\/p>\n","protected":false},"author":1,"featured_media":0,"parent":0,"menu_order":0,"comment_status":"closed","ping_status":"closed","template":"","meta":{"ngg_post_thumbnail":0,"footnotes":""},"class_list":["post-105","page","type-page","status-publish","hentry"],"_links":{"self":[{"href":"http:\/\/chaos-larp.de\/index.php?rest_route=\/wp\/v2\/pages\/105","targetHints":{"allow":["GET"]}}],"collection":[{"href":"http:\/\/chaos-larp.de\/index.php?rest_route=\/wp\/v2\/pages"}],"about":[{"href":"http:\/\/chaos-larp.de\/index.php?rest_route=\/wp\/v2\/types\/page"}],"author":[{"embeddable":true,"href":"http:\/\/chaos-larp.de\/index.php?rest_route=\/wp\/v2\/users\/1"}],"replies":[{"embeddable":true,"href":"http:\/\/chaos-larp.de\/index.php?rest_route=%2Fwp%2Fv2%2Fcomments&post=105"}],"version-history":[{"count":1,"href":"http:\/\/chaos-larp.de\/index.php?rest_route=\/wp\/v2\/pages\/105\/revisions"}],"predecessor-version":[{"id":106,"href":"http:\/\/chaos-larp.de\/index.php?rest_route=\/wp\/v2\/pages\/105\/revisions\/106"}],"wp:attachment":[{"href":"http:\/\/chaos-larp.de\/index.php?rest_route=%2Fwp%2Fv2%2Fmedia&parent=105"}],"curies":[{"name":"wp","href":"https:\/\/api.w.org\/{rel}","templated":true}]}}